{"id":3117,"date":"2013-10-14T21:38:55","date_gmt":"2013-10-14T21:38:55","guid":{"rendered":"https:\/\/neko.ee\/shop\/maaratlemata\/acqua-panna-2\/"},"modified":"2022-02-26T23:00:54","modified_gmt":"2022-02-26T21:00:54","slug":"gratien-meyer-rose","status":"publish","type":"product","link":"https:\/\/neko.ee\/ru\/product\/gratien-meyer-rose\/","title":{"rendered":"Gratien &#038; Meyer Brut Cr\u00e9mant de Loire Ros\u00e9 750ML 12% VOL"},"content":{"rendered":"","protected":false},"excerpt":{"rendered":"","protected":false},"featured_media":33972,"template":"","meta":[],"product_cat":[110,397,109],"product_tag":[],"acf":[],"yoast_head":"<!-- This site is optimized with the Yoast SEO plugin v19.2 - https:\/\/yoast.com\/wordpress\/plugins\/seo\/ -->\n<title>Gratien &amp; Meyer Brut Cr\u00e9mant de Loire Ros\u00e9 750ML 12% VOL | Neko.ee<\/title>\n<meta name=\"description\" content=\"Gratien &amp; Meyer Brut Cr\u00e9mant de Loire Ros\u00e9 750ML 12% VOL. Drings, New in menu, \u041d\u0430\u043f\u0438\u0442\u043a\u0438 - \u041f\u043e \u043b\u0443\u0447\u0448\u0435\u0439 \u0446\u0435\u043d\u0435! \u0414\u043e\u0441\u0442\u0430\u0432\u043a\u0430 \u043e\u0442 3.90\u20ac. \u2714 \u0417\u0430\u043a\u0430\u0437\u0430\u0442\u044c \u044f\u043f\u043e\u043d\u0441\u043a\u0438\u0435 \u043c\u0430\u043a\u0438, \u0441\u0443\u0448\u0438 \u0438 \u043d\u0430\u043f\u0438\u0442\u043a\u0438 \u0432 \u0422\u0430\u043b\u043b\u0438\u043d\u043d\u0435\" \/>\n<meta name=\"robots\" content=\"index, follow, max-snippet:-1, max-image-preview:large, max-video-preview:-1\" \/>\n<link rel=\"canonical\" href=\"https:\/\/neko.ee\/ru\/product\/gratien-meyer-rose\/\" \/>\n<meta property=\"og:locale\" content=\"ru_RU\" \/>\n<meta property=\"og:type\" content=\"article\" \/>\n<meta property=\"og:title\" content=\"Gratien &amp; Meyer Brut Cr\u00e9mant de Loire Ros\u00e9 750ML 12% VOL | Neko.ee\" \/>\n<meta property=\"og:description\" content=\"Gratien &amp; Meyer Brut Cr\u00e9mant de Loire Ros\u00e9 750ML 12% VOL. Drings, New in menu, \u041d\u0430\u043f\u0438\u0442\u043a\u0438 - \u041f\u043e \u043b\u0443\u0447\u0448\u0435\u0439 \u0446\u0435\u043d\u0435! \u0414\u043e\u0441\u0442\u0430\u0432\u043a\u0430 \u043e\u0442 3.90\u20ac. \u2714 \u0417\u0430\u043a\u0430\u0437\u0430\u0442\u044c \u044f\u043f\u043e\u043d\u0441\u043a\u0438\u0435 \u043c\u0430\u043a\u0438, \u0441\u0443\u0448\u0438 \u0438 \u043d\u0430\u043f\u0438\u0442\u043a\u0438 \u0432 \u0422\u0430\u043b\u043b\u0438\u043d\u043d\u0435\" \/>\n<meta property=\"og:url\" content=\"https:\/\/neko.ee\/ru\/product\/gratien-meyer-rose\/\" \/>\n<meta property=\"og:site_name\" content=\"Neko.ee\" \/>\n<meta property=\"article:modified_time\" content=\"2022-02-26T21:00:54+00:00\" \/>\n<meta property=\"og:image\" content=\"https:\/\/neko.ee\/wp-content\/uploads\/2013\/10\/Rose.jpg\" \/>\n\t<meta property=\"og:image:width\" content=\"1200\" \/>\n\t<meta property=\"og:image:height\" content=\"800\" \/>\n\t<meta property=\"og:image:type\" content=\"image\/jpeg\" \/>\n<meta name=\"author\" content=\"Neko Sushi\" \/>\n<meta name=\"twitter:card\" content=\"summary_large_image\" \/>\n<script type=\"application\/ld+json\" class=\"yoast-schema-graph\">{\"@context\":\"https:\/\/schema.org\",\"@graph\":[{\"@type\":\"WebSite\",\"@id\":\"https:\/\/neko.ee\/#website\",\"url\":\"https:\/\/neko.ee\/\",\"name\":\"Neko.ee\",\"description\":\"\",\"potentialAction\":[{\"@type\":\"SearchAction\",\"target\":{\"@type\":\"EntryPoint\",\"urlTemplate\":\"https:\/\/neko.ee\/?s={search_term_string}\"},\"query-input\":\"required name=search_term_string\"}],\"inLanguage\":\"ru-RU\"},{\"@type\":\"ImageObject\",\"inLanguage\":\"ru-RU\",\"@id\":\"https:\/\/neko.ee\/ru\/product\/gratien-meyer-rose\/#primaryimage\",\"url\":\"https:\/\/neko.ee\/wp-content\/uploads\/2013\/10\/Rose.jpg\",\"contentUrl\":\"https:\/\/neko.ee\/wp-content\/uploads\/2013\/10\/Rose.jpg\",\"width\":1200,\"height\":800},{\"@type\":\"WebPage\",\"@id\":\"https:\/\/neko.ee\/ru\/product\/gratien-meyer-rose\/#webpage\",\"url\":\"https:\/\/neko.ee\/ru\/product\/gratien-meyer-rose\/\",\"name\":\"Gratien & Meyer Brut Cr\u00e9mant de Loire Ros\u00e9 750ML 12% VOL | Neko.ee\",\"isPartOf\":{\"@id\":\"https:\/\/neko.ee\/#website\"},\"primaryImageOfPage\":{\"@id\":\"https:\/\/neko.ee\/ru\/product\/gratien-meyer-rose\/#primaryimage\"},\"datePublished\":\"2013-10-14T21:38:55+00:00\",\"dateModified\":\"2022-02-26T21:00:54+00:00\",\"description\":\"Gratien & Meyer Brut Cr\u00e9mant de Loire Ros\u00e9 750ML 12% VOL. Drings, New in menu, \u041d\u0430\u043f\u0438\u0442\u043a\u0438 - \u041f\u043e \u043b\u0443\u0447\u0448\u0435\u0439 \u0446\u0435\u043d\u0435! \u0414\u043e\u0441\u0442\u0430\u0432\u043a\u0430 \u043e\u0442 3.90\u20ac. \u2714 \u0417\u0430\u043a\u0430\u0437\u0430\u0442\u044c \u044f\u043f\u043e\u043d\u0441\u043a\u0438\u0435 \u043c\u0430\u043a\u0438, \u0441\u0443\u0448\u0438 \u0438 \u043d\u0430\u043f\u0438\u0442\u043a\u0438 \u0432 \u0422\u0430\u043b\u043b\u0438\u043d\u043d\u0435\",\"breadcrumb\":{\"@id\":\"https:\/\/neko.ee\/ru\/product\/gratien-meyer-rose\/#breadcrumb\"},\"inLanguage\":\"ru-RU\",\"potentialAction\":[{\"@type\":\"ReadAction\",\"target\":[\"https:\/\/neko.ee\/ru\/product\/gratien-meyer-rose\/\"]}]},{\"@type\":\"BreadcrumbList\",\"@id\":\"https:\/\/neko.ee\/ru\/product\/gratien-meyer-rose\/#breadcrumb\",\"itemListElement\":[{\"@type\":\"ListItem\",\"position\":1,\"name\":\"Home\",\"item\":\"https:\/\/neko.ee\/ru\/\"},{\"@type\":\"ListItem\",\"position\":2,\"name\":\"Tooted\",\"item\":\"https:\/\/neko.ee\/shop\/\"},{\"@type\":\"ListItem\",\"position\":3,\"name\":\"Gratien &#038; Meyer Brut Cr\u00e9mant de Loire Ros\u00e9 750ML 12% VOL\"}]}]}<\/script>\n<!-- \/ Yoast SEO plugin. -->","yoast_head_json":{"title":"Gratien & Meyer Brut Cr\u00e9mant de Loire Ros\u00e9 750ML 12% VOL | Neko.ee","description":"Gratien & Meyer Brut Cr\u00e9mant de Loire Ros\u00e9 750ML 12% VOL. Drings, New in menu, \u041d\u0430\u043f\u0438\u0442\u043a\u0438 - \u041f\u043e \u043b\u0443\u0447\u0448\u0435\u0439 \u0446\u0435\u043d\u0435! \u0414\u043e\u0441\u0442\u0430\u0432\u043a\u0430 \u043e\u0442 3.90\u20ac. \u2714 \u0417\u0430\u043a\u0430\u0437\u0430\u0442\u044c \u044f\u043f\u043e\u043d\u0441\u043a\u0438\u0435 \u043c\u0430\u043a\u0438, \u0441\u0443\u0448\u0438 \u0438 \u043d\u0430\u043f\u0438\u0442\u043a\u0438 \u0432 \u0422\u0430\u043b\u043b\u0438\u043d\u043d\u0435","robots":{"index":"index","follow":"follow","max-snippet":"max-snippet:-1","max-image-preview":"max-image-preview:large","max-video-preview":"max-video-preview:-1"},"canonical":"https:\/\/neko.ee\/ru\/product\/gratien-meyer-rose\/","og_locale":"ru_RU","og_type":"article","og_title":"Gratien & Meyer Brut Cr\u00e9mant de Loire Ros\u00e9 750ML 12% VOL | Neko.ee","og_description":"Gratien & Meyer Brut Cr\u00e9mant de Loire Ros\u00e9 750ML 12% VOL. Drings, New in menu, \u041d\u0430\u043f\u0438\u0442\u043a\u0438 - \u041f\u043e \u043b\u0443\u0447\u0448\u0435\u0439 \u0446\u0435\u043d\u0435! \u0414\u043e\u0441\u0442\u0430\u0432\u043a\u0430 \u043e\u0442 3.90\u20ac. \u2714 \u0417\u0430\u043a\u0430\u0437\u0430\u0442\u044c \u044f\u043f\u043e\u043d\u0441\u043a\u0438\u0435 \u043c\u0430\u043a\u0438, \u0441\u0443\u0448\u0438 \u0438 \u043d\u0430\u043f\u0438\u0442\u043a\u0438 \u0432 \u0422\u0430\u043b\u043b\u0438\u043d\u043d\u0435","og_url":"https:\/\/neko.ee\/ru\/product\/gratien-meyer-rose\/","og_site_name":"Neko.ee","article_modified_time":"2022-02-26T21:00:54+00:00","og_image":[{"width":1200,"height":800,"url":"https:\/\/neko.ee\/wp-content\/uploads\/2013\/10\/Rose.jpg","type":"image\/jpeg"}],"author":"Neko Sushi","twitter_card":"summary_large_image","schema":{"@context":"https:\/\/schema.org","@graph":[{"@type":"WebSite","@id":"https:\/\/neko.ee\/#website","url":"https:\/\/neko.ee\/","name":"Neko.ee","description":"","potentialAction":[{"@type":"SearchAction","target":{"@type":"EntryPoint","urlTemplate":"https:\/\/neko.ee\/?s={search_term_string}"},"query-input":"required name=search_term_string"}],"inLanguage":"ru-RU"},{"@type":"ImageObject","inLanguage":"ru-RU","@id":"https:\/\/neko.ee\/ru\/product\/gratien-meyer-rose\/#primaryimage","url":"https:\/\/neko.ee\/wp-content\/uploads\/2013\/10\/Rose.jpg","contentUrl":"https:\/\/neko.ee\/wp-content\/uploads\/2013\/10\/Rose.jpg","width":1200,"height":800},{"@type":"WebPage","@id":"https:\/\/neko.ee\/ru\/product\/gratien-meyer-rose\/#webpage","url":"https:\/\/neko.ee\/ru\/product\/gratien-meyer-rose\/","name":"Gratien & Meyer Brut Cr\u00e9mant de Loire Ros\u00e9 750ML 12% VOL | Neko.ee","isPartOf":{"@id":"https:\/\/neko.ee\/#website"},"primaryImageOfPage":{"@id":"https:\/\/neko.ee\/ru\/product\/gratien-meyer-rose\/#primaryimage"},"datePublished":"2013-10-14T21:38:55+00:00","dateModified":"2022-02-26T21:00:54+00:00","description":"Gratien & Meyer Brut Cr\u00e9mant de Loire Ros\u00e9 750ML 12% VOL. Drings, New in menu, \u041d\u0430\u043f\u0438\u0442\u043a\u0438 - \u041f\u043e \u043b\u0443\u0447\u0448\u0435\u0439 \u0446\u0435\u043d\u0435! \u0414\u043e\u0441\u0442\u0430\u0432\u043a\u0430 \u043e\u0442 3.90\u20ac. \u2714 \u0417\u0430\u043a\u0430\u0437\u0430\u0442\u044c \u044f\u043f\u043e\u043d\u0441\u043a\u0438\u0435 \u043c\u0430\u043a\u0438, \u0441\u0443\u0448\u0438 \u0438 \u043d\u0430\u043f\u0438\u0442\u043a\u0438 \u0432 \u0422\u0430\u043b\u043b\u0438\u043d\u043d\u0435","breadcrumb":{"@id":"https:\/\/neko.ee\/ru\/product\/gratien-meyer-rose\/#breadcrumb"},"inLanguage":"ru-RU","potentialAction":[{"@type":"ReadAction","target":["https:\/\/neko.ee\/ru\/product\/gratien-meyer-rose\/"]}]},{"@type":"BreadcrumbList","@id":"https:\/\/neko.ee\/ru\/product\/gratien-meyer-rose\/#breadcrumb","itemListElement":[{"@type":"ListItem","position":1,"name":"Home","item":"https:\/\/neko.ee\/ru\/"},{"@type":"ListItem","position":2,"name":"Tooted","item":"https:\/\/neko.ee\/shop\/"},{"@type":"ListItem","position":3,"name":"Gratien &#038; Meyer Brut Cr\u00e9mant de Loire Ros\u00e9 750ML 12% VOL"}]}]}},"_links":{"self":[{"href":"https:\/\/neko.ee\/ru\/wp-json\/wp\/v2\/product\/3117"}],"collection":[{"href":"https:\/\/neko.ee\/ru\/wp-json\/wp\/v2\/product"}],"about":[{"href":"https:\/\/neko.ee\/ru\/wp-json\/wp\/v2\/types\/product"}],"wp:featuredmedia":[{"embeddable":true,"href":"https:\/\/neko.ee\/ru\/wp-json\/wp\/v2\/media\/33972"}],"wp:attachment":[{"href":"https:\/\/neko.ee\/ru\/wp-json\/wp\/v2\/media?parent=3117"}],"wp:term":[{"taxonomy":"product_cat","embeddable":true,"href":"https:\/\/neko.ee\/ru\/wp-json\/wp\/v2\/product_cat?post=3117"},{"taxonomy":"product_tag","embeddable":true,"href":"https:\/\/neko.ee\/ru\/wp-json\/wp\/v2\/product_tag?post=3117"}],"curies":[{"name":"wp","href":"https:\/\/api.w.org\/{rel}","templated":true}]}}