{"id":3116,"date":"2013-10-14T21:38:55","date_gmt":"2013-10-14T21:38:55","guid":{"rendered":"https:\/\/neko.ee\/shop\/maaratlemata\/acqua-panna-2\/"},"modified":"2022-10-25T15:29:03","modified_gmt":"2022-10-25T13:29:03","slug":"gratien-meyer-rose","status":"publish","type":"product","link":"https:\/\/neko.ee\/en\/product\/gratien-meyer-rose\/","title":{"rendered":"Gratien &#038; Meyer Brut Cr\u00e9mant de Loire Ros\u00e9 750ML 12% VOL"},"content":{"rendered":"","protected":false},"excerpt":{"rendered":"","protected":false},"featured_media":33971,"template":"","meta":[],"product_cat":[86,109,398],"product_tag":[],"acf":[],"yoast_head":"<!-- This site is optimized with the Yoast SEO plugin v19.2 - https:\/\/yoast.com\/wordpress\/plugins\/seo\/ -->\n<title>Gratien &amp; Meyer Brut Cr\u00e9mant de Loire Ros\u00e9 750ML 12% VOL | Neko.ee<\/title>\n<meta name=\"description\" content=\"Gratien &amp; Meyer Brut Cr\u00e9mant de Loire Ros\u00e9 750ML 12% VOL. Joogid, \u041d\u0430\u043f\u0438\u0442\u043a\u0438, \u041d\u043e\u0432\u0438\u043d\u043a\u0438 - at best price! Cost of sushi delivery service starting from 3.90\u20ac. \u2714 Order sushi in Tallinn \u27a4 Order NOW!\" \/>\n<meta name=\"robots\" content=\"index, follow, max-snippet:-1, max-image-preview:large, max-video-preview:-1\" \/>\n<link rel=\"canonical\" href=\"https:\/\/neko.ee\/en\/product\/gratien-meyer-rose\/\" \/>\n<meta property=\"og:locale\" content=\"en_US\" \/>\n<meta property=\"og:type\" content=\"article\" \/>\n<meta property=\"og:title\" content=\"Gratien &amp; Meyer Brut Cr\u00e9mant de Loire Ros\u00e9 750ML 12% VOL | Neko.ee\" \/>\n<meta property=\"og:description\" content=\"Gratien &amp; Meyer Brut Cr\u00e9mant de Loire Ros\u00e9 750ML 12% VOL. Joogid, \u041d\u0430\u043f\u0438\u0442\u043a\u0438, \u041d\u043e\u0432\u0438\u043d\u043a\u0438 - at best price! Cost of sushi delivery service starting from 3.90\u20ac. \u2714 Order sushi in Tallinn \u27a4 Order NOW!\" \/>\n<meta property=\"og:url\" content=\"https:\/\/neko.ee\/en\/product\/gratien-meyer-rose\/\" \/>\n<meta property=\"og:site_name\" content=\"Neko.ee\" \/>\n<meta property=\"article:modified_time\" content=\"2022-10-25T13:29:03+00:00\" \/>\n<meta property=\"og:image\" content=\"https:\/\/neko.ee\/wp-content\/uploads\/2013\/10\/Rose.jpg\" \/>\n\t<meta property=\"og:image:width\" content=\"1200\" \/>\n\t<meta property=\"og:image:height\" content=\"800\" \/>\n\t<meta property=\"og:image:type\" content=\"image\/jpeg\" \/>\n<meta name=\"author\" content=\"Andrei Pirnazarov\" \/>\n<meta name=\"twitter:card\" content=\"summary_large_image\" \/>\n<script type=\"application\/ld+json\" class=\"yoast-schema-graph\">{\"@context\":\"https:\/\/schema.org\",\"@graph\":[{\"@type\":\"WebSite\",\"@id\":\"https:\/\/neko.ee\/#website\",\"url\":\"https:\/\/neko.ee\/\",\"name\":\"Neko.ee\",\"description\":\"\",\"potentialAction\":[{\"@type\":\"SearchAction\",\"target\":{\"@type\":\"EntryPoint\",\"urlTemplate\":\"https:\/\/neko.ee\/?s={search_term_string}\"},\"query-input\":\"required name=search_term_string\"}],\"inLanguage\":\"en-US\"},{\"@type\":\"ImageObject\",\"inLanguage\":\"en-US\",\"@id\":\"https:\/\/neko.ee\/en\/product\/gratien-meyer-rose\/#primaryimage\",\"url\":\"https:\/\/neko.ee\/wp-content\/uploads\/2013\/10\/Rose.jpg\",\"contentUrl\":\"https:\/\/neko.ee\/wp-content\/uploads\/2013\/10\/Rose.jpg\",\"width\":1200,\"height\":800},{\"@type\":\"WebPage\",\"@id\":\"https:\/\/neko.ee\/en\/product\/gratien-meyer-rose\/#webpage\",\"url\":\"https:\/\/neko.ee\/en\/product\/gratien-meyer-rose\/\",\"name\":\"Gratien & Meyer Brut Cr\u00e9mant de Loire Ros\u00e9 750ML 12% VOL | Neko.ee\",\"isPartOf\":{\"@id\":\"https:\/\/neko.ee\/#website\"},\"primaryImageOfPage\":{\"@id\":\"https:\/\/neko.ee\/en\/product\/gratien-meyer-rose\/#primaryimage\"},\"datePublished\":\"2013-10-14T21:38:55+00:00\",\"dateModified\":\"2022-10-25T13:29:03+00:00\",\"description\":\"Gratien & Meyer Brut Cr\u00e9mant de Loire Ros\u00e9 750ML 12% VOL. Joogid, \u041d\u0430\u043f\u0438\u0442\u043a\u0438, \u041d\u043e\u0432\u0438\u043d\u043a\u0438 - at best price! Cost of sushi delivery service starting from 3.90\u20ac. \u2714 Order sushi in Tallinn \u27a4 Order NOW!\",\"breadcrumb\":{\"@id\":\"https:\/\/neko.ee\/en\/product\/gratien-meyer-rose\/#breadcrumb\"},\"inLanguage\":\"en-US\",\"potentialAction\":[{\"@type\":\"ReadAction\",\"target\":[\"https:\/\/neko.ee\/en\/product\/gratien-meyer-rose\/\"]}]},{\"@type\":\"BreadcrumbList\",\"@id\":\"https:\/\/neko.ee\/en\/product\/gratien-meyer-rose\/#breadcrumb\",\"itemListElement\":[{\"@type\":\"ListItem\",\"position\":1,\"name\":\"Home\",\"item\":\"https:\/\/neko.ee\/en\/\"},{\"@type\":\"ListItem\",\"position\":2,\"name\":\"Tooted\",\"item\":\"https:\/\/neko.ee\/shop\/\"},{\"@type\":\"ListItem\",\"position\":3,\"name\":\"Gratien &#038; Meyer Brut Cr\u00e9mant de Loire Ros\u00e9 750ML 12% VOL\"}]}]}<\/script>\n<!-- \/ Yoast SEO plugin. -->","yoast_head_json":{"title":"Gratien & Meyer Brut Cr\u00e9mant de Loire Ros\u00e9 750ML 12% VOL | Neko.ee","description":"Gratien & Meyer Brut Cr\u00e9mant de Loire Ros\u00e9 750ML 12% VOL. Joogid, \u041d\u0430\u043f\u0438\u0442\u043a\u0438, \u041d\u043e\u0432\u0438\u043d\u043a\u0438 - at best price! Cost of sushi delivery service starting from 3.90\u20ac. \u2714 Order sushi in Tallinn \u27a4 Order NOW!","robots":{"index":"index","follow":"follow","max-snippet":"max-snippet:-1","max-image-preview":"max-image-preview:large","max-video-preview":"max-video-preview:-1"},"canonical":"https:\/\/neko.ee\/en\/product\/gratien-meyer-rose\/","og_locale":"en_US","og_type":"article","og_title":"Gratien & Meyer Brut Cr\u00e9mant de Loire Ros\u00e9 750ML 12% VOL | Neko.ee","og_description":"Gratien & Meyer Brut Cr\u00e9mant de Loire Ros\u00e9 750ML 12% VOL. Joogid, \u041d\u0430\u043f\u0438\u0442\u043a\u0438, \u041d\u043e\u0432\u0438\u043d\u043a\u0438 - at best price! Cost of sushi delivery service starting from 3.90\u20ac. \u2714 Order sushi in Tallinn \u27a4 Order NOW!","og_url":"https:\/\/neko.ee\/en\/product\/gratien-meyer-rose\/","og_site_name":"Neko.ee","article_modified_time":"2022-10-25T13:29:03+00:00","og_image":[{"width":1200,"height":800,"url":"https:\/\/neko.ee\/wp-content\/uploads\/2013\/10\/Rose.jpg","type":"image\/jpeg"}],"author":"Andrei Pirnazarov","twitter_card":"summary_large_image","schema":{"@context":"https:\/\/schema.org","@graph":[{"@type":"WebSite","@id":"https:\/\/neko.ee\/#website","url":"https:\/\/neko.ee\/","name":"Neko.ee","description":"","potentialAction":[{"@type":"SearchAction","target":{"@type":"EntryPoint","urlTemplate":"https:\/\/neko.ee\/?s={search_term_string}"},"query-input":"required name=search_term_string"}],"inLanguage":"en-US"},{"@type":"ImageObject","inLanguage":"en-US","@id":"https:\/\/neko.ee\/en\/product\/gratien-meyer-rose\/#primaryimage","url":"https:\/\/neko.ee\/wp-content\/uploads\/2013\/10\/Rose.jpg","contentUrl":"https:\/\/neko.ee\/wp-content\/uploads\/2013\/10\/Rose.jpg","width":1200,"height":800},{"@type":"WebPage","@id":"https:\/\/neko.ee\/en\/product\/gratien-meyer-rose\/#webpage","url":"https:\/\/neko.ee\/en\/product\/gratien-meyer-rose\/","name":"Gratien & Meyer Brut Cr\u00e9mant de Loire Ros\u00e9 750ML 12% VOL | Neko.ee","isPartOf":{"@id":"https:\/\/neko.ee\/#website"},"primaryImageOfPage":{"@id":"https:\/\/neko.ee\/en\/product\/gratien-meyer-rose\/#primaryimage"},"datePublished":"2013-10-14T21:38:55+00:00","dateModified":"2022-10-25T13:29:03+00:00","description":"Gratien & Meyer Brut Cr\u00e9mant de Loire Ros\u00e9 750ML 12% VOL. Joogid, \u041d\u0430\u043f\u0438\u0442\u043a\u0438, \u041d\u043e\u0432\u0438\u043d\u043a\u0438 - at best price! Cost of sushi delivery service starting from 3.90\u20ac. \u2714 Order sushi in Tallinn \u27a4 Order NOW!","breadcrumb":{"@id":"https:\/\/neko.ee\/en\/product\/gratien-meyer-rose\/#breadcrumb"},"inLanguage":"en-US","potentialAction":[{"@type":"ReadAction","target":["https:\/\/neko.ee\/en\/product\/gratien-meyer-rose\/"]}]},{"@type":"BreadcrumbList","@id":"https:\/\/neko.ee\/en\/product\/gratien-meyer-rose\/#breadcrumb","itemListElement":[{"@type":"ListItem","position":1,"name":"Home","item":"https:\/\/neko.ee\/en\/"},{"@type":"ListItem","position":2,"name":"Tooted","item":"https:\/\/neko.ee\/shop\/"},{"@type":"ListItem","position":3,"name":"Gratien &#038; Meyer Brut Cr\u00e9mant de Loire Ros\u00e9 750ML 12% VOL"}]}]}},"_links":{"self":[{"href":"https:\/\/neko.ee\/en\/wp-json\/wp\/v2\/product\/3116"}],"collection":[{"href":"https:\/\/neko.ee\/en\/wp-json\/wp\/v2\/product"}],"about":[{"href":"https:\/\/neko.ee\/en\/wp-json\/wp\/v2\/types\/product"}],"wp:featuredmedia":[{"embeddable":true,"href":"https:\/\/neko.ee\/en\/wp-json\/wp\/v2\/media\/33971"}],"wp:attachment":[{"href":"https:\/\/neko.ee\/en\/wp-json\/wp\/v2\/media?parent=3116"}],"wp:term":[{"taxonomy":"product_cat","embeddable":true,"href":"https:\/\/neko.ee\/en\/wp-json\/wp\/v2\/product_cat?post=3116"},{"taxonomy":"product_tag","embeddable":true,"href":"https:\/\/neko.ee\/en\/wp-json\/wp\/v2\/product_tag?post=3116"}],"curies":[{"name":"wp","href":"https:\/\/api.w.org\/{rel}","templated":true}]}}